{"id":5869,"date":"2024-02-23T16:33:00","date_gmt":"2024-02-23T15:33:00","guid":{"rendered":"https:\/\/bicosmetic.ch\/?post_type=product&#038;p=5869"},"modified":"2024-02-23T17:14:24","modified_gmt":"2024-02-23T16:14:24","slug":"bicosmetic-creme-a-raser-kopie","status":"publish","type":"product","link":"https:\/\/bicosmetic.ch\/fr\/shop\/bicosmetic-creme-a-raser-kopie\/","title":{"rendered":"Bicosmetic Cr\u00e8me \u00e0 raser (150 ml)"},"content":{"rendered":"","protected":false},"excerpt":{"rendered":"<p>Capacit\u00e9: 150 ml<\/p>\n","protected":false},"author":3,"featured_media":5843,"comment_status":"open","ping_status":"closed","template":"","meta":[],"product_brand":[],"product_cat":[163],"product_tag":[],"class_list":{"0":"post-5869","1":"product","2":"type-product","3":"status-publish","4":"has-post-thumbnail","6":"product_cat-bicosmetic-fr","7":"product_shipping_class-normalprodukte-fr","8":"sales-flash-overlay","9":"woocommerce-text-align-center","10":"woocommerce-image-align-center","11":"do-quantity-buttons","13":"first","14":"instock","15":"shipping-taxable","16":"purchasable","17":"product-type-simple"},"featured_image_urls_v2":{"full":["https:\/\/bicosmetic.ch\/wp-content\/uploads\/BIC2002-2024b.jpg",1052,1216,false],"thumbnail":["https:\/\/bicosmetic.ch\/wp-content\/uploads\/BIC2002-2024b-150x150.jpg",150,150,true],"medium":["https:\/\/bicosmetic.ch\/wp-content\/uploads\/BIC2002-2024b-260x300.jpg",260,300,true],"medium_large":["https:\/\/bicosmetic.ch\/wp-content\/uploads\/BIC2002-2024b.jpg",1052,1216,false],"large":["https:\/\/bicosmetic.ch\/wp-content\/uploads\/BIC2002-2024b-886x1024.jpg",886,1024,true],"1536x1536":["https:\/\/bicosmetic.ch\/wp-content\/uploads\/BIC2002-2024b.jpg",1052,1216,false],"2048x2048":["https:\/\/bicosmetic.ch\/wp-content\/uploads\/BIC2002-2024b.jpg",1052,1216,false],"gform-image-choice-sm":["https:\/\/bicosmetic.ch\/wp-content\/uploads\/BIC2002-2024b.jpg",260,300,false],"gform-image-choice-md":["https:\/\/bicosmetic.ch\/wp-content\/uploads\/BIC2002-2024b.jpg",346,400,false],"gform-image-choice-lg":["https:\/\/bicosmetic.ch\/wp-content\/uploads\/BIC2002-2024b.jpg",519,600,false],"woocommerce_thumbnail":["https:\/\/bicosmetic.ch\/wp-content\/uploads\/BIC2002-2024b-300x300.jpg",300,300,true],"woocommerce_single":["https:\/\/bicosmetic.ch\/wp-content\/uploads\/BIC2002-2024b-600x694.jpg",600,694,true],"woocommerce_gallery_thumbnail":["https:\/\/bicosmetic.ch\/wp-content\/uploads\/BIC2002-2024b-100x100.jpg",100,100,true]},"post_excerpt_stackable_v2":"<p>Capacit\u00e9: 150 ml<\/p>\n","category_list_v2":"","author_info_v2":{"name":"Trybol AG","url":"https:\/\/bicosmetic.ch\/fr\/author\/trybol\/"},"comments_num_v2":"0 commentaire","_links":{"self":[{"href":"https:\/\/bicosmetic.ch\/fr\/wp-json\/wp\/v2\/product\/5869","targetHints":{"allow":["GET"]}}],"collection":[{"href":"https:\/\/bicosmetic.ch\/fr\/wp-json\/wp\/v2\/product"}],"about":[{"href":"https:\/\/bicosmetic.ch\/fr\/wp-json\/wp\/v2\/types\/product"}],"author":[{"embeddable":true,"href":"https:\/\/bicosmetic.ch\/fr\/wp-json\/wp\/v2\/users\/3"}],"replies":[{"embeddable":true,"href":"https:\/\/bicosmetic.ch\/fr\/wp-json\/wp\/v2\/comments?post=5869"}],"wp:featuredmedia":[{"embeddable":true,"href":"https:\/\/bicosmetic.ch\/fr\/wp-json\/wp\/v2\/media\/5843"}],"wp:attachment":[{"href":"https:\/\/bicosmetic.ch\/fr\/wp-json\/wp\/v2\/media?parent=5869"}],"wp:term":[{"taxonomy":"product_brand","embeddable":true,"href":"https:\/\/bicosmetic.ch\/fr\/wp-json\/wp\/v2\/product_brand?post=5869"},{"taxonomy":"product_cat","embeddable":true,"href":"https:\/\/bicosmetic.ch\/fr\/wp-json\/wp\/v2\/product_cat?post=5869"},{"taxonomy":"product_tag","embeddable":true,"href":"https:\/\/bicosmetic.ch\/fr\/wp-json\/wp\/v2\/product_tag?post=5869"}],"curies":[{"name":"wp","href":"https:\/\/api.w.org\/{rel}","templated":true}]}}