{"id":5635,"date":"2021-02-13T17:06:03","date_gmt":"2021-02-13T16:06:03","guid":{"rendered":"https:\/\/www.bicosmetic.ch\/shop\/lotion-desinfectante-pour-les-mains\/"},"modified":"2021-02-13T17:06:03","modified_gmt":"2021-02-13T16:06:03","slug":"lotion-desinfectante-pour-les-mains","status":"publish","type":"product","link":"https:\/\/bicosmetic.ch\/fr\/shop\/lotion-desinfectante-pour-les-mains\/","title":{"rendered":"Lotion desinfectante pour les mains"},"content":{"rendered":"<p><strong>Anwendung<br \/>\n<\/strong>Handlotion f\u00fcr mindestens 30 Sekunden einreiben. W\u00e4hrend der Anwendung m\u00fcssen die H\u00e4nde feucht gehalten werden. Oberfl\u00e4chen und H\u00e4nde m\u00fcssen optisch sauber sein.<\/p>\n<p><strong>Wirksamkeit<\/strong><br \/>\nbakterizid, viruzid (beh\u00fcllte Viren, z.B. Influenzaviren, Coronaviren)<br \/>\nMinimale Einwirkzeit: 30 Sekunden<\/p>\n<p><strong>Gefahr<br \/>\n<\/strong>Fl\u00fcssigkeit und Dampf leichtentz\u00fcndbar. Darf nicht in die H\u00e4nde von Kindern gelangen. Von Hitze, heissen Oberfl\u00e4chen, Funken, offenen Flammen sowie anderen Z\u00fcndquellen fernhalten. Nicht rauchen. Verursacht schwere Augenreizung. Ist \u00e4rztlicher Rat erforderlich, Verpackung oder Kennzeichnungsetikett bereithalten.<\/p>\n<p><strong>Inhaltsstoffe:<br \/>\n<\/strong>Ethanol (37g\/100g), Propan-2-ol (25g\/100g), Glycerin, Parfum, Water.<\/p>\n<p><strong>BAG-Bewilligung:<\/strong> CHZN6010<\/p>\n<p><strong>Inhalt:<\/strong> 500 ml (Flasche)<\/p>\n<p><strong>Artikelnummer:<\/strong> BIC4024-500<\/p>\n<p>&nbsp;<\/p>\n","protected":false},"excerpt":{"rendered":"<p><strong>Capacit\u00e9:<\/strong> 500 ml<\/p>\n","protected":false},"author":1,"featured_media":5810,"comment_status":"closed","ping_status":"closed","template":"","meta":[],"product_brand":[],"product_cat":[163,172],"product_tag":[],"class_list":{"0":"post-5635","1":"product","2":"type-product","3":"status-publish","4":"has-post-thumbnail","6":"product_cat-bicosmetic-fr","7":"product_cat-produits-dhygiene-desinfection","8":"product_shipping_class-normalprodukte-fr","9":"sales-flash-overlay","10":"woocommerce-text-align-center","11":"woocommerce-image-align-center","12":"do-quantity-buttons","14":"first","15":"instock","16":"shipping-taxable","17":"purchasable","18":"product-type-simple"},"featured_image_urls_v2":{"full":["https:\/\/bicosmetic.ch\/wp-content\/uploads\/BIC4024-500-2024b.jpg",976,1296,false],"thumbnail":["https:\/\/bicosmetic.ch\/wp-content\/uploads\/BIC4024-500-2024b-150x150.jpg",150,150,true],"medium":["https:\/\/bicosmetic.ch\/wp-content\/uploads\/BIC4024-500-2024b-226x300.jpg",226,300,true],"medium_large":["https:\/\/bicosmetic.ch\/wp-content\/uploads\/BIC4024-500-2024b.jpg",976,1296,false],"large":["https:\/\/bicosmetic.ch\/wp-content\/uploads\/BIC4024-500-2024b-771x1024.jpg",771,1024,true],"1536x1536":["https:\/\/bicosmetic.ch\/wp-content\/uploads\/BIC4024-500-2024b.jpg",976,1296,false],"2048x2048":["https:\/\/bicosmetic.ch\/wp-content\/uploads\/BIC4024-500-2024b.jpg",976,1296,false],"gform-image-choice-sm":["https:\/\/bicosmetic.ch\/wp-content\/uploads\/BIC4024-500-2024b.jpg",226,300,false],"gform-image-choice-md":["https:\/\/bicosmetic.ch\/wp-content\/uploads\/BIC4024-500-2024b.jpg",301,400,false],"gform-image-choice-lg":["https:\/\/bicosmetic.ch\/wp-content\/uploads\/BIC4024-500-2024b.jpg",452,600,false],"woocommerce_thumbnail":["https:\/\/bicosmetic.ch\/wp-content\/uploads\/BIC4024-500-2024b-300x300.jpg",300,300,true],"woocommerce_single":["https:\/\/bicosmetic.ch\/wp-content\/uploads\/BIC4024-500-2024b-600x797.jpg",600,797,true],"woocommerce_gallery_thumbnail":["https:\/\/bicosmetic.ch\/wp-content\/uploads\/BIC4024-500-2024b-100x100.jpg",100,100,true]},"post_excerpt_stackable_v2":"<p><strong>Capacit\u00e9:<\/strong> 500 ml<\/p>\n","category_list_v2":"","author_info_v2":{"name":"nailedit","url":"https:\/\/bicosmetic.ch\/fr\/author\/nailedit\/"},"comments_num_v2":"0 commentaire","_links":{"self":[{"href":"https:\/\/bicosmetic.ch\/fr\/wp-json\/wp\/v2\/product\/5635","targetHints":{"allow":["GET"]}}],"collection":[{"href":"https:\/\/bicosmetic.ch\/fr\/wp-json\/wp\/v2\/product"}],"about":[{"href":"https:\/\/bicosmetic.ch\/fr\/wp-json\/wp\/v2\/types\/product"}],"author":[{"embeddable":true,"href":"https:\/\/bicosmetic.ch\/fr\/wp-json\/wp\/v2\/users\/1"}],"replies":[{"embeddable":true,"href":"https:\/\/bicosmetic.ch\/fr\/wp-json\/wp\/v2\/comments?post=5635"}],"wp:featuredmedia":[{"embeddable":true,"href":"https:\/\/bicosmetic.ch\/fr\/wp-json\/wp\/v2\/media\/5810"}],"wp:attachment":[{"href":"https:\/\/bicosmetic.ch\/fr\/wp-json\/wp\/v2\/media?parent=5635"}],"wp:term":[{"taxonomy":"product_brand","embeddable":true,"href":"https:\/\/bicosmetic.ch\/fr\/wp-json\/wp\/v2\/product_brand?post=5635"},{"taxonomy":"product_cat","embeddable":true,"href":"https:\/\/bicosmetic.ch\/fr\/wp-json\/wp\/v2\/product_cat?post=5635"},{"taxonomy":"product_tag","embeddable":true,"href":"https:\/\/bicosmetic.ch\/fr\/wp-json\/wp\/v2\/product_tag?post=5635"}],"curies":[{"name":"wp","href":"https:\/\/api.w.org\/{rel}","templated":true}]}}