{"id":2153,"date":"2017-09-01T11:26:08","date_gmt":"2017-09-01T10:27:09","guid":{"rendered":"https:\/\/www.bicosmetic.ch\/shop\/bicosmetic-cellulite-ampoules\/"},"modified":"2021-02-01T16:33:27","modified_gmt":"2021-02-01T15:33:27","slug":"bicosmetic-cellulite-ampoules","status":"publish","type":"product","link":"https:\/\/bicosmetic.ch\/fr\/shop\/bicosmetic-cellulite-ampoules\/","title":{"rendered":"Bicosmetic Cellulite ampoules"},"content":{"rendered":"<p><strong>Type de peau:<\/strong> Concerne toutes les surfaces du corps<\/p>\n<p><strong>Action:<\/strong> Produit hautement concentr\u00e9 avec une action profonde. Aide \u00e0 r\u00e9duire les d\u00e9p\u00f4ts de graisse et am\u00e9liore la structure de la peau et reduit la cellulite, le concentr\u00e9 raffermit les tissus de la peau particuli\u00e8rement bien.<\/p>\n<p><strong>INCI: <\/strong>Fucus Vesiculosus, Algae Extract, Fragrance, Purified Water<\/p>\n<p><strong>pH-Valeur\/Formulation:<\/strong> 6,9<\/p>\n<p><strong>Principe de traitement:<\/strong> Le concentr\u00e9 anti cellulite est utilis\u00e9 pendant le traitement du corps. Appliquer le contenu d\u2019une ampoule sur la surface \u00e0 probl\u00e8me. Elle est abord\u00e9e imm\u00e9diatement. Ensuite continuer le traitement comme pour la cr\u00e8me de massage et la cr\u00e8me anti cellulite. Alternativement appliquer la moiti\u00e9 du produit avant le massage et m\u00e9langer le reste de l\u2019ampoule durant le massage avec la cr\u00e8me de massage ou bien la cr\u00e8me anti cellulite.<\/p>\n<p><strong>Num\u00e9ro de commande: <\/strong>BIC5008 10 x 10 ml<\/p>\n<p>BIP5008 40 x 10 ml<\/p>\n","protected":false},"excerpt":{"rendered":"<p>Capacit\u00e9: 10 x 10 ml<\/p>\n","protected":false},"author":1,"featured_media":5822,"comment_status":"open","ping_status":"closed","template":"","meta":[],"product_brand":[],"product_cat":[163,169],"product_tag":[],"class_list":{"0":"post-2153","1":"product","2":"type-product","3":"status-publish","4":"has-post-thumbnail","6":"product_cat-bicosmetic-fr","7":"product_cat-soins-personnels","8":"product_shipping_class-normalprodukte-fr","9":"sales-flash-overlay","10":"woocommerce-text-align-center","11":"woocommerce-image-align-center","12":"do-quantity-buttons","14":"first","15":"instock","16":"shipping-taxable","17":"purchasable","18":"product-type-simple"},"featured_image_urls_v2":{"full":["https:\/\/bicosmetic.ch\/wp-content\/uploads\/BIC5004-2024b.jpg",1080,970,false],"thumbnail":["https:\/\/bicosmetic.ch\/wp-content\/uploads\/BIC5004-2024b-150x150.jpg",150,150,true],"medium":["https:\/\/bicosmetic.ch\/wp-content\/uploads\/BIC5004-2024b-300x269.jpg",300,269,true],"medium_large":["https:\/\/bicosmetic.ch\/wp-content\/uploads\/BIC5004-2024b.jpg",1080,970,false],"large":["https:\/\/bicosmetic.ch\/wp-content\/uploads\/BIC5004-2024b-1024x920.jpg",1024,920,true],"1536x1536":["https:\/\/bicosmetic.ch\/wp-content\/uploads\/BIC5004-2024b.jpg",1080,970,false],"2048x2048":["https:\/\/bicosmetic.ch\/wp-content\/uploads\/BIC5004-2024b.jpg",1080,970,false],"gform-image-choice-sm":["https:\/\/bicosmetic.ch\/wp-content\/uploads\/BIC5004-2024b.jpg",300,269,false],"gform-image-choice-md":["https:\/\/bicosmetic.ch\/wp-content\/uploads\/BIC5004-2024b.jpg",400,359,false],"gform-image-choice-lg":["https:\/\/bicosmetic.ch\/wp-content\/uploads\/BIC5004-2024b.jpg",600,539,false],"woocommerce_thumbnail":["https:\/\/bicosmetic.ch\/wp-content\/uploads\/BIC5004-2024b-300x300.jpg",300,300,true],"woocommerce_single":["https:\/\/bicosmetic.ch\/wp-content\/uploads\/BIC5004-2024b-600x539.jpg",600,539,true],"woocommerce_gallery_thumbnail":["https:\/\/bicosmetic.ch\/wp-content\/uploads\/BIC5004-2024b-100x100.jpg",100,100,true]},"post_excerpt_stackable_v2":"<p>Capacit\u00e9: 10 x 10 ml<\/p>\n","category_list_v2":"","author_info_v2":{"name":"nailedit","url":"https:\/\/bicosmetic.ch\/fr\/author\/nailedit\/"},"comments_num_v2":"0 commentaire","_links":{"self":[{"href":"https:\/\/bicosmetic.ch\/fr\/wp-json\/wp\/v2\/product\/2153","targetHints":{"allow":["GET"]}}],"collection":[{"href":"https:\/\/bicosmetic.ch\/fr\/wp-json\/wp\/v2\/product"}],"about":[{"href":"https:\/\/bicosmetic.ch\/fr\/wp-json\/wp\/v2\/types\/product"}],"author":[{"embeddable":true,"href":"https:\/\/bicosmetic.ch\/fr\/wp-json\/wp\/v2\/users\/1"}],"replies":[{"embeddable":true,"href":"https:\/\/bicosmetic.ch\/fr\/wp-json\/wp\/v2\/comments?post=2153"}],"wp:featuredmedia":[{"embeddable":true,"href":"https:\/\/bicosmetic.ch\/fr\/wp-json\/wp\/v2\/media\/5822"}],"wp:attachment":[{"href":"https:\/\/bicosmetic.ch\/fr\/wp-json\/wp\/v2\/media?parent=2153"}],"wp:term":[{"taxonomy":"product_brand","embeddable":true,"href":"https:\/\/bicosmetic.ch\/fr\/wp-json\/wp\/v2\/product_brand?post=2153"},{"taxonomy":"product_cat","embeddable":true,"href":"https:\/\/bicosmetic.ch\/fr\/wp-json\/wp\/v2\/product_cat?post=2153"},{"taxonomy":"product_tag","embeddable":true,"href":"https:\/\/bicosmetic.ch\/fr\/wp-json\/wp\/v2\/product_tag?post=2153"}],"curies":[{"name":"wp","href":"https:\/\/api.w.org\/{rel}","templated":true}]}}