{"id":2133,"date":"2017-09-01T11:25:56","date_gmt":"2017-09-01T10:26:57","guid":{"rendered":"https:\/\/www.bicosmetic.ch\/shop\/bicosmetic-creme-de-jour-avec-la-proteine-de-soie\/"},"modified":"2021-02-01T16:33:29","modified_gmt":"2021-02-01T15:33:29","slug":"bicosmetic-creme-de-jour-avec-la-proteine-de-soie","status":"publish","type":"product","link":"https:\/\/bicosmetic.ch\/fr\/shop\/bicosmetic-creme-de-jour-avec-la-proteine-de-soie\/","title":{"rendered":"Bicosmetic Cr\u00e8me de jour avec la prot\u00e9ine de soie"},"content":{"rendered":"<p><strong>Type de peau:<\/strong> tous les types de peau.<\/p>\n<p><strong>Action:<\/strong> Le Collag\u00e8ne est un \u00e9l\u00e9ment naturel de la peau, qui aide \u00e0 r\u00e9tablir l\u2019\u00e9lasticit\u00e9. la peau redevient ferme et est fortifi\u00e9e elle retrouve son aspect de jeunesse et de fra\u00eecheur. Cette cr\u00e8me pourvoit en m\u00eame temps la peau d\u2019un intensif apport d\u2019\u00e9l\u00e9ments r\u00e9g\u00e9n\u00e9rateurs et lui r\u00e9tablis son \u00e9quilibre en humidit\u00e9 et la rend souple &#8211; contient des filtres solaires<\/p>\n<p><strong>INCI:<\/strong> AQUA, CAPRYLIC\/CAPRIC TRIGLYCERIDE, HYDROGENATED COCOGLYCERIDE, GLYCERIN, CETEARYL OLIVATE, SORBITAN OLIVATE, CETYL PALMITATE, OCTYLDODECANOL, ISONONYL ISONONANOATE, SIMMONDSIA CHINENSIS SEED OIL, CETEARYL ALCOHOL, SORBITAN PALMITATE, BUTYROSPERMUM PARKII BUTTER, OLEA EUROPAEA LEAF EXTRACT, DIHEPTYL SUCCINATE, CAPRYLOYL GLYCERIN\/SEBACIC ACID COPOLYMER, SODIUM PHYTATE, TOCOPHERYL ACETATE, SCLEROTIUM GUM, TOCOPHEROL, CERAMIDE 3, CERAMIDE 6 II, CERAMIDE 1, PHYTOSPHINGOSINE, CHOLESTEROL, SODIUM LAUROYL LACTYLATE, PARFUM, TETRADECYL AMINOBUTYROYLVALYLAMINOBUTYRIC UREA TRIFLUOROACETATE, PALMITOYL TRIPEPTIDE-5, PALMITOYL DIPEPTIDE-5 DIAMINOBUTYROYL HYDROXYTHREONINE, SODIUM HYALURONATE, SORBITAN OLEATE, CARBOMER, XANTHAN GUM, ASCORBIC ACID, GLYCERYL LAURATE, MAGNESIUM CHLORIDE, ASCORBYL PALMITATE, PHENOXYETHANOL, ALCOHOL, CITRIC ACID, SODIUM HYDROXIDE, ALLYL HEPTANOATE<\/p>\n<p><strong>pH-Valeur\/Formulation:<\/strong> 5,0<\/p>\n<p><strong>Principe de traitement:<\/strong> Comme cr\u00e8me de jour \u00e0 la fin du traitement cosm\u00e9tique. La cr\u00e8me donne un fini tr\u00e8s mat et est donc id\u00e9ale avant le maquillage. Aussi adapt\u00e9e comme un produit pour les soins de la peau masculine.<\/p>\n<p><strong>Num\u00e9ro de commande: <\/strong>BIC4007 50 ml<\/p>\n<p>BIP4007 200 ml<\/p>\n","protected":false},"excerpt":{"rendered":"<p>Capacit\u00e9: 50 ml<\/p>\n","protected":false},"author":1,"featured_media":5861,"comment_status":"open","ping_status":"closed","template":"","meta":[],"product_brand":[],"product_cat":[163,168],"product_tag":[],"class_list":{"0":"post-2133","1":"product","2":"type-product","3":"status-publish","4":"has-post-thumbnail","6":"product_cat-bicosmetic-fr","7":"product_cat-soins-du-visage","8":"product_shipping_class-normalprodukte-fr","9":"sales-flash-overlay","10":"woocommerce-text-align-center","11":"woocommerce-image-align-center","12":"do-quantity-buttons","14":"first","15":"instock","16":"shipping-taxable","17":"purchasable","18":"product-type-simple"},"featured_image_urls_v2":{"full":["https:\/\/bicosmetic.ch\/wp-content\/uploads\/BIC4007-2024b.jpg",848,868,false],"thumbnail":["https:\/\/bicosmetic.ch\/wp-content\/uploads\/BIC4007-2024b-150x150.jpg",150,150,true],"medium":["https:\/\/bicosmetic.ch\/wp-content\/uploads\/BIC4007-2024b-293x300.jpg",293,300,true],"medium_large":["https:\/\/bicosmetic.ch\/wp-content\/uploads\/BIC4007-2024b.jpg",848,868,false],"large":["https:\/\/bicosmetic.ch\/wp-content\/uploads\/BIC4007-2024b.jpg",848,868,false],"1536x1536":["https:\/\/bicosmetic.ch\/wp-content\/uploads\/BIC4007-2024b.jpg",848,868,false],"2048x2048":["https:\/\/bicosmetic.ch\/wp-content\/uploads\/BIC4007-2024b.jpg",848,868,false],"gform-image-choice-sm":["https:\/\/bicosmetic.ch\/wp-content\/uploads\/BIC4007-2024b.jpg",293,300,false],"gform-image-choice-md":["https:\/\/bicosmetic.ch\/wp-content\/uploads\/BIC4007-2024b.jpg",391,400,false],"gform-image-choice-lg":["https:\/\/bicosmetic.ch\/wp-content\/uploads\/BIC4007-2024b.jpg",586,600,false],"woocommerce_thumbnail":["https:\/\/bicosmetic.ch\/wp-content\/uploads\/BIC4007-2024b-300x300.jpg",300,300,true],"woocommerce_single":["https:\/\/bicosmetic.ch\/wp-content\/uploads\/BIC4007-2024b-600x614.jpg",600,614,true],"woocommerce_gallery_thumbnail":["https:\/\/bicosmetic.ch\/wp-content\/uploads\/BIC4007-2024b-100x100.jpg",100,100,true]},"post_excerpt_stackable_v2":"<p>Capacit\u00e9: 50 ml<\/p>\n","category_list_v2":"","author_info_v2":{"name":"nailedit","url":"https:\/\/bicosmetic.ch\/fr\/author\/nailedit\/"},"comments_num_v2":"0 commentaire","_links":{"self":[{"href":"https:\/\/bicosmetic.ch\/fr\/wp-json\/wp\/v2\/product\/2133","targetHints":{"allow":["GET"]}}],"collection":[{"href":"https:\/\/bicosmetic.ch\/fr\/wp-json\/wp\/v2\/product"}],"about":[{"href":"https:\/\/bicosmetic.ch\/fr\/wp-json\/wp\/v2\/types\/product"}],"author":[{"embeddable":true,"href":"https:\/\/bicosmetic.ch\/fr\/wp-json\/wp\/v2\/users\/1"}],"replies":[{"embeddable":true,"href":"https:\/\/bicosmetic.ch\/fr\/wp-json\/wp\/v2\/comments?post=2133"}],"wp:featuredmedia":[{"embeddable":true,"href":"https:\/\/bicosmetic.ch\/fr\/wp-json\/wp\/v2\/media\/5861"}],"wp:attachment":[{"href":"https:\/\/bicosmetic.ch\/fr\/wp-json\/wp\/v2\/media?parent=2133"}],"wp:term":[{"taxonomy":"product_brand","embeddable":true,"href":"https:\/\/bicosmetic.ch\/fr\/wp-json\/wp\/v2\/product_brand?post=2133"},{"taxonomy":"product_cat","embeddable":true,"href":"https:\/\/bicosmetic.ch\/fr\/wp-json\/wp\/v2\/product_cat?post=2133"},{"taxonomy":"product_tag","embeddable":true,"href":"https:\/\/bicosmetic.ch\/fr\/wp-json\/wp\/v2\/product_tag?post=2133"}],"curies":[{"name":"wp","href":"https:\/\/api.w.org\/{rel}","templated":true}]}}