{"id":2132,"date":"2017-09-01T11:25:56","date_gmt":"2017-09-01T10:26:57","guid":{"rendered":"https:\/\/www.bicosmetic.ch\/shop\/bicosmetic-masque-stimulant\/"},"modified":"2021-02-01T16:33:29","modified_gmt":"2021-02-01T15:33:29","slug":"bicosmetic-masque-stimulant","status":"publish","type":"product","link":"https:\/\/bicosmetic.ch\/fr\/shop\/bicosmetic-masque-stimulant\/","title":{"rendered":"Bicosmetic Masque stimulant"},"content":{"rendered":"<p><strong>Type de peau: <\/strong>Peau grasse et peau mixte.<\/p>\n<p><strong>Action: <\/strong>Masque stimulant intensif avec une action en profondeur. Absorbe l\u2019exc\u00e8s de s\u00e9bum, d\u00e9sinfecte et \u00e9quilibre le teint.<\/p>\n<p><strong>INCI:<\/strong> Aqua, Oryza Sativa, Titanium Oxide, Glycerin, Cera Flava, Decyl Oleate, Bentonite, Kaolin, Cetearyl Alcohol, PEG-40 Castor Oil, Hydrogenated Vegetable Glycerides, Sodium Cetearyl Sulfate, Helianthus Annuus Seed Oil, Ceteareth-12, Triethanolamine, Imidazolidinyl Urea, Parfum, Propylparaben, Sodium Methylparaben, Carbomer, BHT, Phenoxyethanol, Methylparaben, Butylparaben, Ethylparaben, Isobutylparaben, Propylene Glycol, Citrus Medica Limonum Peel Extract, Citrus Aurantium Dulcis Flower Extract, Sorbitol, Citric Acid, Sodium Hydroxide<\/p>\n<p>(08.01.2011)<\/p>\n<p><strong>pH-Valeur\/Formulation:<\/strong> 6,2<\/p>\n<p><strong>Principe de traitement:<\/strong> Appliquer une mince couche sur le cour et le visage, \u00e9viter le contour des yeux et laisser agir 10 \u00e0 15 minutes puis laver avec des compresses chaudes. Ensuite appliquer la cr\u00e8me de jour adapt\u00e9e.<\/p>\n<p><strong>Num\u00e9ro de commande: <\/strong>BIC4004 50 ml<\/p>\n<p>BIP4006 200 ml<\/p>\n","protected":false},"excerpt":{"rendered":"<p>Capacit\u00e9: 50 ml<\/p>\n","protected":false},"author":1,"featured_media":5858,"comment_status":"open","ping_status":"closed","template":"","meta":[],"product_brand":[],"product_cat":[163,168],"product_tag":[],"class_list":{"0":"post-2132","1":"product","2":"type-product","3":"status-publish","4":"has-post-thumbnail","6":"product_cat-bicosmetic-fr","7":"product_cat-soins-du-visage","8":"product_shipping_class-normalprodukte-fr","9":"sales-flash-overlay","10":"woocommerce-text-align-center","11":"woocommerce-image-align-center","12":"do-quantity-buttons","14":"first","15":"instock","16":"shipping-taxable","17":"purchasable","18":"product-type-simple"},"featured_image_urls_v2":{"full":["https:\/\/bicosmetic.ch\/wp-content\/uploads\/BIC4006-2024b.jpg",702,636,false],"thumbnail":["https:\/\/bicosmetic.ch\/wp-content\/uploads\/BIC4006-2024b-150x150.jpg",150,150,true],"medium":["https:\/\/bicosmetic.ch\/wp-content\/uploads\/BIC4006-2024b-300x272.jpg",300,272,true],"medium_large":["https:\/\/bicosmetic.ch\/wp-content\/uploads\/BIC4006-2024b.jpg",702,636,false],"large":["https:\/\/bicosmetic.ch\/wp-content\/uploads\/BIC4006-2024b.jpg",702,636,false],"1536x1536":["https:\/\/bicosmetic.ch\/wp-content\/uploads\/BIC4006-2024b.jpg",702,636,false],"2048x2048":["https:\/\/bicosmetic.ch\/wp-content\/uploads\/BIC4006-2024b.jpg",702,636,false],"gform-image-choice-sm":["https:\/\/bicosmetic.ch\/wp-content\/uploads\/BIC4006-2024b.jpg",300,272,false],"gform-image-choice-md":["https:\/\/bicosmetic.ch\/wp-content\/uploads\/BIC4006-2024b.jpg",400,362,false],"gform-image-choice-lg":["https:\/\/bicosmetic.ch\/wp-content\/uploads\/BIC4006-2024b.jpg",600,544,false],"woocommerce_thumbnail":["https:\/\/bicosmetic.ch\/wp-content\/uploads\/BIC4006-2024b-300x300.jpg",300,300,true],"woocommerce_single":["https:\/\/bicosmetic.ch\/wp-content\/uploads\/BIC4006-2024b-600x544.jpg",600,544,true],"woocommerce_gallery_thumbnail":["https:\/\/bicosmetic.ch\/wp-content\/uploads\/BIC4006-2024b-100x100.jpg",100,100,true]},"post_excerpt_stackable_v2":"<p>Capacit\u00e9: 50 ml<\/p>\n","category_list_v2":"","author_info_v2":{"name":"nailedit","url":"https:\/\/bicosmetic.ch\/fr\/author\/nailedit\/"},"comments_num_v2":"0 commentaire","_links":{"self":[{"href":"https:\/\/bicosmetic.ch\/fr\/wp-json\/wp\/v2\/product\/2132","targetHints":{"allow":["GET"]}}],"collection":[{"href":"https:\/\/bicosmetic.ch\/fr\/wp-json\/wp\/v2\/product"}],"about":[{"href":"https:\/\/bicosmetic.ch\/fr\/wp-json\/wp\/v2\/types\/product"}],"author":[{"embeddable":true,"href":"https:\/\/bicosmetic.ch\/fr\/wp-json\/wp\/v2\/users\/1"}],"replies":[{"embeddable":true,"href":"https:\/\/bicosmetic.ch\/fr\/wp-json\/wp\/v2\/comments?post=2132"}],"wp:featuredmedia":[{"embeddable":true,"href":"https:\/\/bicosmetic.ch\/fr\/wp-json\/wp\/v2\/media\/5858"}],"wp:attachment":[{"href":"https:\/\/bicosmetic.ch\/fr\/wp-json\/wp\/v2\/media?parent=2132"}],"wp:term":[{"taxonomy":"product_brand","embeddable":true,"href":"https:\/\/bicosmetic.ch\/fr\/wp-json\/wp\/v2\/product_brand?post=2132"},{"taxonomy":"product_cat","embeddable":true,"href":"https:\/\/bicosmetic.ch\/fr\/wp-json\/wp\/v2\/product_cat?post=2132"},{"taxonomy":"product_tag","embeddable":true,"href":"https:\/\/bicosmetic.ch\/fr\/wp-json\/wp\/v2\/product_tag?post=2132"}],"curies":[{"name":"wp","href":"https:\/\/api.w.org\/{rel}","templated":true}]}}