{"id":2130,"date":"2017-09-01T11:25:56","date_gmt":"2017-09-01T10:26:57","guid":{"rendered":"https:\/\/www.bicosmetic.ch\/shop\/bicosmetic-creme-de-jour-hydratante\/"},"modified":"2021-02-01T16:33:28","modified_gmt":"2021-02-01T15:33:28","slug":"bicosmetic-creme-de-jour-hydratante","status":"publish","type":"product","link":"https:\/\/bicosmetic.ch\/fr\/shop\/bicosmetic-creme-de-jour-hydratante\/","title":{"rendered":"Bicosmetic Cr\u00e8me de jour hydratante"},"content":{"rendered":"<p><strong>Type de peau: <\/strong>Peau s\u00e8che et sensible<\/p>\n<p><strong>Action: <\/strong>Cr\u00e8me de jour hydratante et protectrice avec effet apaisant.<\/p>\n<p>ProT\u00e8ge contre la pollution et les rayons UV<\/p>\n<p>Contient des filtres solaires<\/p>\n<p><strong>INCI:<\/strong> AQUA, OCTYLDODECANOL, DECYL OLEATE, GLYCINE SOJA, CAPRYLIC\/CAPRIC TRIGLYCERIDE, CETEARYL GLUCOSIDE, CETEARYL ALCOHOL, HYDROGENATED VEGETABLE GLYCERIDES, GLYCERIN, HYDROGENATED COCOGLYCERIDE, SORBITOL, PHENOXYETHANOL, SACCHARIDE ISOMERATE,SODIUM POLYACRYLATE, TOCOPHERYL ACETATE, POTASSIUM CETYL PHOSPHATE, PROPYLENE GLYCOL, BUTYROSPERMUM PARKII, DIMETHICONE, BISABOLOL, ETHYLHEXYLGLYCERIN, SODIUM EDTA, TOCOPHEROL, CHAMOMILLA RECUTITA FLOWER EXTRACT, CITRIC ACID, PARFUM<\/p>\n<p>(20.03.2013)<\/p>\n<p><strong>pH-Valeur\/Formulation:<\/strong> 5,8<\/p>\n<p><strong>Principe de traitement:<\/strong> A la fin d\u2019un traitement cosm\u00e9tique, la cr\u00e8me est agr\u00e9able et rafra\u00ecchissante.<\/p>\n<p>Elle agit imm\u00e9diatement.<\/p>\n<p>Etendre avec de l\u00e9gers gestes de massage sur le visage et le cou.<\/p>\n<p>Eviter le contour des yeux.<\/p>\n<p><strong>Num\u00e9ro de commande <\/strong>BIC4003 50 ml<\/p>\n","protected":false},"excerpt":{"rendered":"<p>Capacit\u00e9: 50 ml<\/p>\n","protected":false},"author":1,"featured_media":5855,"comment_status":"open","ping_status":"closed","template":"","meta":[],"product_brand":[],"product_cat":[163,168],"product_tag":[],"class_list":{"0":"post-2130","1":"product","2":"type-product","3":"status-publish","4":"has-post-thumbnail","6":"product_cat-bicosmetic-fr","7":"product_cat-soins-du-visage","8":"product_shipping_class-normalprodukte-fr","9":"sales-flash-overlay","10":"woocommerce-text-align-center","11":"woocommerce-image-align-center","12":"do-quantity-buttons","14":"first","15":"instock","16":"shipping-taxable","17":"purchasable","18":"product-type-simple"},"featured_image_urls_v2":{"full":["https:\/\/bicosmetic.ch\/wp-content\/uploads\/BIC4003-2024b.jpg",828,757,false],"thumbnail":["https:\/\/bicosmetic.ch\/wp-content\/uploads\/BIC4003-2024b-150x150.jpg",150,150,true],"medium":["https:\/\/bicosmetic.ch\/wp-content\/uploads\/BIC4003-2024b-300x274.jpg",300,274,true],"medium_large":["https:\/\/bicosmetic.ch\/wp-content\/uploads\/BIC4003-2024b.jpg",828,757,false],"large":["https:\/\/bicosmetic.ch\/wp-content\/uploads\/BIC4003-2024b.jpg",828,757,false],"1536x1536":["https:\/\/bicosmetic.ch\/wp-content\/uploads\/BIC4003-2024b.jpg",828,757,false],"2048x2048":["https:\/\/bicosmetic.ch\/wp-content\/uploads\/BIC4003-2024b.jpg",828,757,false],"gform-image-choice-sm":["https:\/\/bicosmetic.ch\/wp-content\/uploads\/BIC4003-2024b.jpg",300,274,false],"gform-image-choice-md":["https:\/\/bicosmetic.ch\/wp-content\/uploads\/BIC4003-2024b.jpg",400,366,false],"gform-image-choice-lg":["https:\/\/bicosmetic.ch\/wp-content\/uploads\/BIC4003-2024b.jpg",600,549,false],"woocommerce_thumbnail":["https:\/\/bicosmetic.ch\/wp-content\/uploads\/BIC4003-2024b-300x300.jpg",300,300,true],"woocommerce_single":["https:\/\/bicosmetic.ch\/wp-content\/uploads\/BIC4003-2024b-600x549.jpg",600,549,true],"woocommerce_gallery_thumbnail":["https:\/\/bicosmetic.ch\/wp-content\/uploads\/BIC4003-2024b-100x100.jpg",100,100,true]},"post_excerpt_stackable_v2":"<p>Capacit\u00e9: 50 ml<\/p>\n","category_list_v2":"","author_info_v2":{"name":"nailedit","url":"https:\/\/bicosmetic.ch\/fr\/author\/nailedit\/"},"comments_num_v2":"0 commentaire","_links":{"self":[{"href":"https:\/\/bicosmetic.ch\/fr\/wp-json\/wp\/v2\/product\/2130","targetHints":{"allow":["GET"]}}],"collection":[{"href":"https:\/\/bicosmetic.ch\/fr\/wp-json\/wp\/v2\/product"}],"about":[{"href":"https:\/\/bicosmetic.ch\/fr\/wp-json\/wp\/v2\/types\/product"}],"author":[{"embeddable":true,"href":"https:\/\/bicosmetic.ch\/fr\/wp-json\/wp\/v2\/users\/1"}],"replies":[{"embeddable":true,"href":"https:\/\/bicosmetic.ch\/fr\/wp-json\/wp\/v2\/comments?post=2130"}],"wp:featuredmedia":[{"embeddable":true,"href":"https:\/\/bicosmetic.ch\/fr\/wp-json\/wp\/v2\/media\/5855"}],"wp:attachment":[{"href":"https:\/\/bicosmetic.ch\/fr\/wp-json\/wp\/v2\/media?parent=2130"}],"wp:term":[{"taxonomy":"product_brand","embeddable":true,"href":"https:\/\/bicosmetic.ch\/fr\/wp-json\/wp\/v2\/product_brand?post=2130"},{"taxonomy":"product_cat","embeddable":true,"href":"https:\/\/bicosmetic.ch\/fr\/wp-json\/wp\/v2\/product_cat?post=2130"},{"taxonomy":"product_tag","embeddable":true,"href":"https:\/\/bicosmetic.ch\/fr\/wp-json\/wp\/v2\/product_tag?post=2130"}],"curies":[{"name":"wp","href":"https:\/\/api.w.org\/{rel}","templated":true}]}}