{"id":2129,"date":"2017-09-01T11:25:56","date_gmt":"2017-09-01T10:26:57","guid":{"rendered":"https:\/\/www.bicosmetic.ch\/shop\/bicosmetic-lotion-dermofloral-tonifiante\/"},"modified":"2021-02-01T16:33:28","modified_gmt":"2021-02-01T15:33:28","slug":"bicosmetic-lotion-dermofloral-tonifiante","status":"publish","type":"product","link":"https:\/\/bicosmetic.ch\/fr\/shop\/bicosmetic-lotion-dermofloral-tonifiante\/","title":{"rendered":"Bicosmetic Lotion dermofloral tonifiante"},"content":{"rendered":"<p><strong>Type de peau: <\/strong>Tous les types de peau<\/p>\n<p><strong>Action: <\/strong>Une lotion tonifinate sans alcohol aec un effet apaisant et fortifiant.<\/p>\n<p>Avec panthenol, une substance naturelle indispensable pour la formation de cellules et ka r\u00e9g\u00e9n\u00e9ration de la peau.<\/p>\n<p><strong>INCI:<\/strong> AQUA, GLYCERIN, SORBITOL, PPG-1-PEG-9 LAURYL GLYCOL ETHER, PROPYLENE GLYCOL, CHAMOMILLA RECUTITA FLOWER EXTRACT, CITRIC ACID, PANTHENOL, SODIUM BENZOATE, POTASSIUM SORBATE, ROSA CENTIFOLIA FLOWER EXTRACT, PHENOXYETHANOL, HAMAMELIS VIRGINIANA LEAF EXTRACT, ETHYLHEXYLGLYCERIN, PARFUM<\/p>\n<p>(20.03.2013)<\/p>\n<p><strong>pH-Valeur\/Formulation:<\/strong> 4,8<\/p>\n<p><strong>Principe de traitement:<\/strong> Chaque soir avant la cr\u00e8me de nuit<\/p>\n<p>Chaque matin avant la cr\u00e8me de jour et le maquillage<\/p>\n<p>Apr\u00e8s le nettoyage et le masque, tonifier la peau avec un tampon de coton satur\u00e9 le lotion<\/p>\n<p>Le visage peut-\u00eatre aussi asperg\u00e9 de lotion<\/p>\n<p>Pour le peaux irrit\u00e9ees, utiliser und compresse, \u00e9viter les yeux<\/p>\n<p><strong>Num\u00e9ro de commande <\/strong>BIC4002 250 ml<\/p>\n<p>BIP4002 400 ml<\/p>\n","protected":false},"excerpt":{"rendered":"<p>Capacit\u00e9: 250 ml<\/p>\n","protected":false},"author":1,"featured_media":5852,"comment_status":"open","ping_status":"closed","template":"","meta":[],"product_brand":[],"product_cat":[163,168],"product_tag":[],"class_list":{"0":"post-2129","1":"product","2":"type-product","3":"status-publish","4":"has-post-thumbnail","6":"product_cat-bicosmetic-fr","7":"product_cat-soins-du-visage","8":"product_shipping_class-normalprodukte-fr","9":"sales-flash-overlay","10":"woocommerce-text-align-center","11":"woocommerce-image-align-center","12":"do-quantity-buttons","14":"first","15":"instock","16":"shipping-taxable","17":"purchasable","18":"product-type-simple"},"featured_image_urls_v2":{"full":["https:\/\/bicosmetic.ch\/wp-content\/uploads\/BIC4002-2024b.jpg",1146,1258,false],"thumbnail":["https:\/\/bicosmetic.ch\/wp-content\/uploads\/BIC4002-2024b-150x150.jpg",150,150,true],"medium":["https:\/\/bicosmetic.ch\/wp-content\/uploads\/BIC4002-2024b-273x300.jpg",273,300,true],"medium_large":["https:\/\/bicosmetic.ch\/wp-content\/uploads\/BIC4002-2024b.jpg",1146,1258,false],"large":["https:\/\/bicosmetic.ch\/wp-content\/uploads\/BIC4002-2024b-933x1024.jpg",933,1024,true],"1536x1536":["https:\/\/bicosmetic.ch\/wp-content\/uploads\/BIC4002-2024b.jpg",1146,1258,false],"2048x2048":["https:\/\/bicosmetic.ch\/wp-content\/uploads\/BIC4002-2024b.jpg",1146,1258,false],"gform-image-choice-sm":["https:\/\/bicosmetic.ch\/wp-content\/uploads\/BIC4002-2024b.jpg",273,300,false],"gform-image-choice-md":["https:\/\/bicosmetic.ch\/wp-content\/uploads\/BIC4002-2024b.jpg",364,400,false],"gform-image-choice-lg":["https:\/\/bicosmetic.ch\/wp-content\/uploads\/BIC4002-2024b.jpg",547,600,false],"woocommerce_thumbnail":["https:\/\/bicosmetic.ch\/wp-content\/uploads\/BIC4002-2024b-300x300.jpg",300,300,true],"woocommerce_single":["https:\/\/bicosmetic.ch\/wp-content\/uploads\/BIC4002-2024b-600x659.jpg",600,659,true],"woocommerce_gallery_thumbnail":["https:\/\/bicosmetic.ch\/wp-content\/uploads\/BIC4002-2024b-100x100.jpg",100,100,true]},"post_excerpt_stackable_v2":"<p>Capacit\u00e9: 250 ml<\/p>\n","category_list_v2":"","author_info_v2":{"name":"nailedit","url":"https:\/\/bicosmetic.ch\/fr\/author\/nailedit\/"},"comments_num_v2":"0 commentaire","_links":{"self":[{"href":"https:\/\/bicosmetic.ch\/fr\/wp-json\/wp\/v2\/product\/2129","targetHints":{"allow":["GET"]}}],"collection":[{"href":"https:\/\/bicosmetic.ch\/fr\/wp-json\/wp\/v2\/product"}],"about":[{"href":"https:\/\/bicosmetic.ch\/fr\/wp-json\/wp\/v2\/types\/product"}],"author":[{"embeddable":true,"href":"https:\/\/bicosmetic.ch\/fr\/wp-json\/wp\/v2\/users\/1"}],"replies":[{"embeddable":true,"href":"https:\/\/bicosmetic.ch\/fr\/wp-json\/wp\/v2\/comments?post=2129"}],"wp:featuredmedia":[{"embeddable":true,"href":"https:\/\/bicosmetic.ch\/fr\/wp-json\/wp\/v2\/media\/5852"}],"wp:attachment":[{"href":"https:\/\/bicosmetic.ch\/fr\/wp-json\/wp\/v2\/media?parent=2129"}],"wp:term":[{"taxonomy":"product_brand","embeddable":true,"href":"https:\/\/bicosmetic.ch\/fr\/wp-json\/wp\/v2\/product_brand?post=2129"},{"taxonomy":"product_cat","embeddable":true,"href":"https:\/\/bicosmetic.ch\/fr\/wp-json\/wp\/v2\/product_cat?post=2129"},{"taxonomy":"product_tag","embeddable":true,"href":"https:\/\/bicosmetic.ch\/fr\/wp-json\/wp\/v2\/product_tag?post=2129"}],"curies":[{"name":"wp","href":"https:\/\/api.w.org\/{rel}","templated":true}]}}