{"id":2128,"date":"2017-09-01T11:25:56","date_gmt":"2017-09-01T10:26:57","guid":{"rendered":"https:\/\/www.bicosmetic.ch\/shop\/bicosmetic-lait-nettoyant-doux\/"},"modified":"2021-02-01T16:33:28","modified_gmt":"2021-02-01T15:33:28","slug":"bicosmetic-lait-nettoyant-doux","status":"publish","type":"product","link":"https:\/\/bicosmetic.ch\/fr\/shop\/bicosmetic-lait-nettoyant-doux\/","title":{"rendered":"Bicosmetic Lait nettoyant doux"},"content":{"rendered":"<p><strong>Type de peau: <\/strong>Tous les types de peau<\/p>\n<p><strong>Action: <\/strong>Pour doucement \u00e9liminer les impuret\u00e9s et les restes de maquillage sans d\u00e9truire le manteau hydro-\u00e9quilibrant de la peau. Elle a une consistance particuli\u00e8rement cr\u00e9meuse et laisse apr\u00e8s le nettoyage une plaisante sensation de fra\u00eecheur.<\/p>\n<p><strong>INCI:<\/strong> Aqua, Caprylic\/Capric Triglyceride, Glycine Soja, Glycerin, Octyldodecanol, Decyl Oleate, Potassium Cetyl Phosphate, Cetyl Alcohol, Butyrospermum Parkii, Phenoxyethanol, Ethylhexylglycerin, Acrylates\/C10-30 Alkyl Acrylate Crosspolymer, Tocopheryl Acerate, Sodium EDTA, Propylene Glycol, Chamomilla Recutita, Sorbitol, Parfum, Merhylparaben, Butylparaben, Ethylparaben, Propylparaben, Isobutylparaben, Sodium Hydroxide<\/p>\n<p>(20.07.2011)<\/p>\n<p><strong>pH-Valeur\/Formulation:<\/strong> 6,6 &#8211; Emulsion huile \/ eau<\/p>\n<p><strong>Principe de traitement:<\/strong> Appliquer avec les doigts ou bien avec une brosse. Au d\u00e9but de chaque traitement cosm\u00e9tique appliquer une quantit\u00e9 de la grosseur d\u2019une noix sur le visage et le cou. Masser l\u00e9g\u00e8rement la peau avec un doux mouvement circulaire. Ensuite enlever avec des compresses chaudes et nettoyer avec une lotion adopt\u00e9e.<\/p>\n<p><strong>Num\u00e9ro de commande <\/strong>BIC4001 250 ml<\/p>\n<p>BIP4001 400 ml<\/p>\n","protected":false},"excerpt":{"rendered":"<p>Capacit\u00e9: 250 ml<\/p>\n","protected":false},"author":1,"featured_media":5849,"comment_status":"open","ping_status":"closed","template":"","meta":[],"product_brand":[],"product_cat":[163,168],"product_tag":[],"class_list":{"0":"post-2128","1":"product","2":"type-product","3":"status-publish","4":"has-post-thumbnail","6":"product_cat-bicosmetic-fr","7":"product_cat-soins-du-visage","8":"product_shipping_class-normalprodukte-fr","9":"sales-flash-overlay","10":"woocommerce-text-align-center","11":"woocommerce-image-align-center","12":"do-quantity-buttons","14":"first","15":"instock","16":"shipping-taxable","17":"purchasable","18":"product-type-simple"},"featured_image_urls_v2":{"full":["https:\/\/bicosmetic.ch\/wp-content\/uploads\/BIC4001-2024b.jpg",1066,1112,false],"thumbnail":["https:\/\/bicosmetic.ch\/wp-content\/uploads\/BIC4001-2024b-150x150.jpg",150,150,true],"medium":["https:\/\/bicosmetic.ch\/wp-content\/uploads\/BIC4001-2024b-288x300.jpg",288,300,true],"medium_large":["https:\/\/bicosmetic.ch\/wp-content\/uploads\/BIC4001-2024b.jpg",1066,1112,false],"large":["https:\/\/bicosmetic.ch\/wp-content\/uploads\/BIC4001-2024b-982x1024.jpg",982,1024,true],"1536x1536":["https:\/\/bicosmetic.ch\/wp-content\/uploads\/BIC4001-2024b.jpg",1066,1112,false],"2048x2048":["https:\/\/bicosmetic.ch\/wp-content\/uploads\/BIC4001-2024b.jpg",1066,1112,false],"gform-image-choice-sm":["https:\/\/bicosmetic.ch\/wp-content\/uploads\/BIC4001-2024b.jpg",288,300,false],"gform-image-choice-md":["https:\/\/bicosmetic.ch\/wp-content\/uploads\/BIC4001-2024b.jpg",383,400,false],"gform-image-choice-lg":["https:\/\/bicosmetic.ch\/wp-content\/uploads\/BIC4001-2024b.jpg",575,600,false],"woocommerce_thumbnail":["https:\/\/bicosmetic.ch\/wp-content\/uploads\/BIC4001-2024b-300x300.jpg",300,300,true],"woocommerce_single":["https:\/\/bicosmetic.ch\/wp-content\/uploads\/BIC4001-2024b-600x626.jpg",600,626,true],"woocommerce_gallery_thumbnail":["https:\/\/bicosmetic.ch\/wp-content\/uploads\/BIC4001-2024b-100x100.jpg",100,100,true]},"post_excerpt_stackable_v2":"<p>Capacit\u00e9: 250 ml<\/p>\n","category_list_v2":"","author_info_v2":{"name":"nailedit","url":"https:\/\/bicosmetic.ch\/fr\/author\/nailedit\/"},"comments_num_v2":"0 commentaire","_links":{"self":[{"href":"https:\/\/bicosmetic.ch\/fr\/wp-json\/wp\/v2\/product\/2128","targetHints":{"allow":["GET"]}}],"collection":[{"href":"https:\/\/bicosmetic.ch\/fr\/wp-json\/wp\/v2\/product"}],"about":[{"href":"https:\/\/bicosmetic.ch\/fr\/wp-json\/wp\/v2\/types\/product"}],"author":[{"embeddable":true,"href":"https:\/\/bicosmetic.ch\/fr\/wp-json\/wp\/v2\/users\/1"}],"replies":[{"embeddable":true,"href":"https:\/\/bicosmetic.ch\/fr\/wp-json\/wp\/v2\/comments?post=2128"}],"wp:featuredmedia":[{"embeddable":true,"href":"https:\/\/bicosmetic.ch\/fr\/wp-json\/wp\/v2\/media\/5849"}],"wp:attachment":[{"href":"https:\/\/bicosmetic.ch\/fr\/wp-json\/wp\/v2\/media?parent=2128"}],"wp:term":[{"taxonomy":"product_brand","embeddable":true,"href":"https:\/\/bicosmetic.ch\/fr\/wp-json\/wp\/v2\/product_brand?post=2128"},{"taxonomy":"product_cat","embeddable":true,"href":"https:\/\/bicosmetic.ch\/fr\/wp-json\/wp\/v2\/product_cat?post=2128"},{"taxonomy":"product_tag","embeddable":true,"href":"https:\/\/bicosmetic.ch\/fr\/wp-json\/wp\/v2\/product_tag?post=2128"}],"curies":[{"name":"wp","href":"https:\/\/api.w.org\/{rel}","templated":true}]}}