{"id":2322,"date":"2016-02-22T11:27:00","date_gmt":"2016-02-22T10:27:00","guid":{"rendered":"https:\/\/www.bicosmetic.ch\/?page_id=2322"},"modified":"2025-04-22T08:21:42","modified_gmt":"2025-04-22T06:21:42","slug":"home","status":"publish","type":"page","link":"https:\/\/bicosmetic.ch\/fr\/","title":{"rendered":"Home"},"content":{"rendered":"\n<div class=\"wp-block-cover alignfull is-light page-hero\"><span aria-hidden=\"true\" class=\"wp-block-cover__background has-background-dim-100 has-background-dim\" style=\"background-color:#f0fafe\"><\/span><div class=\"wp-block-cover__inner-container is-layout-flow wp-block-cover-is-layout-flow\">\n<h1 class=\"wp-block-heading has-text-align-center has-very-dark-gray-color has-text-color\">BICOSMETIC \u2013 perfect balance<\/h1>\n\n\n\n<p><\/p>\n\n\n\n<h2 class=\"wp-block-heading has-text-align-center has-text-color\" style=\"color:#333333\">Soins corporels produits suisse<\/h2>\n\n\n\n<p><\/p>\n\n\n\n<div class=\"wp-block-buttons is-content-justification-center is-layout-flex wp-container-core-buttons-is-layout-16018d1d wp-block-buttons-is-layout-flex\">\n<div class=\"wp-block-button\"><a class=\"wp-block-button__link wp-element-button\" href=\"https:\/\/bicosmetic.ch\/fr\/\">\u00c0 la boutique en ligne<\/a><\/div>\n<\/div>\n<\/div><\/div>\n\n\n\n<div style=\"height:50px\" aria-hidden=\"true\" class=\"wp-block-spacer\"><\/div>\n\n\n\n<h2 class=\"wp-block-heading\">\u00c0 propos de BICOSMETIC<\/h2>\n\n\n\n<p>La ligne de beaut\u00e9 BICOSMETIC d\u00e9velopp\u00e9e, produite et distribu\u00e9e par la maison Trybol S.A., une soci\u00e9t\u00e9 suisse, enregistr\u00e9e en 1900.<\/p>\n\n\n\n<p>La ligne a \u00e9t\u00e9 d\u00e9velopp\u00e9e en analysant les besoins actuels de la consommatrice. La ligne contient plus de 30 produits qui sont bien tol\u00e9r\u00e9s par tous les types de peau.<\/p>\n\n\n\n<p>Tous les produits sont fabriqu\u00e9s sous des normes d\u2019hygi\u00e8ne tr\u00e8s strictes en utilisant une grande quantit\u00e9 d\u2019ingr\u00e9dients naturels. Fabriqu\u00e9 sans colorant. La maison Trybol S.A. ne fait pas de tests sur animaux.<\/p>\n","protected":false},"excerpt":{"rendered":"<p>\u00c0 propos de BICOSMETIC La ligne de beaut\u00e9 BICOSMETIC d\u00e9velopp\u00e9e, produite et distribu\u00e9e par la maison Trybol S.A., une soci\u00e9t\u00e9 suisse, enregistr\u00e9e en 1900. La ligne a \u00e9t\u00e9 d\u00e9velopp\u00e9e en analysant les besoins actuels de la consommatrice. La ligne contient plus de 30 produits qui sont bien tol\u00e9r\u00e9s par tous les types de peau. Tous &#8230; <a title=\"Home\" class=\"read-more\" href=\"https:\/\/bicosmetic.ch\/fr\/\" aria-label=\"En savoir plus sur Home\">Weiterlesen<\/a><\/p>\n","protected":false},"author":1,"featured_media":0,"parent":0,"menu_order":0,"comment_status":"closed","ping_status":"closed","template":"","meta":{"footnotes":""},"class_list":["post-2322","page","type-page","status-publish"],"featured_image_urls_v2":{"full":"","thumbnail":"","medium":"","medium_large":"","large":"","1536x1536":"","2048x2048":"","gform-image-choice-sm":"","gform-image-choice-md":"","gform-image-choice-lg":"","woocommerce_thumbnail":"","woocommerce_single":"","woocommerce_gallery_thumbnail":""},"post_excerpt_stackable_v2":"<p>BICOSMETIC \u2013 perfect balance Soins corporels produits suisse \u00c0 la boutique en ligne \u00c0 propos de BICOSMETIC La ligne de beaut\u00e9 BICOSMETIC d\u00e9velopp\u00e9e, produite et distribu\u00e9e par la maison Trybol S.A., une soci\u00e9t\u00e9 suisse, enregistr\u00e9e en 1900. La ligne a \u00e9t\u00e9 d\u00e9velopp\u00e9e en analysant les besoins actuels de la consommatrice. La ligne contient plus de 30 produits qui sont bien tol\u00e9r\u00e9s par tous les types de peau. Tous les produits sont fabriqu\u00e9s sous des normes d\u2019hygi\u00e8ne tr\u00e8s strictes en utilisant une grande quantit\u00e9 d\u2019ingr\u00e9dients naturels. Fabriqu\u00e9 sans colorant. La maison Trybol S.A. ne fait pas de tests sur animaux.<\/p>\n","category_list_v2":"","author_info_v2":{"name":"nailedit","url":"https:\/\/bicosmetic.ch\/fr\/author\/nailedit\/"},"comments_num_v2":"0 commentaire","_links":{"self":[{"href":"https:\/\/bicosmetic.ch\/fr\/wp-json\/wp\/v2\/pages\/2322","targetHints":{"allow":["GET"]}}],"collection":[{"href":"https:\/\/bicosmetic.ch\/fr\/wp-json\/wp\/v2\/pages"}],"about":[{"href":"https:\/\/bicosmetic.ch\/fr\/wp-json\/wp\/v2\/types\/page"}],"author":[{"embeddable":true,"href":"https:\/\/bicosmetic.ch\/fr\/wp-json\/wp\/v2\/users\/1"}],"replies":[{"embeddable":true,"href":"https:\/\/bicosmetic.ch\/fr\/wp-json\/wp\/v2\/comments?post=2322"}],"version-history":[{"count":18,"href":"https:\/\/bicosmetic.ch\/fr\/wp-json\/wp\/v2\/pages\/2322\/revisions"}],"predecessor-version":[{"id":5937,"href":"https:\/\/bicosmetic.ch\/fr\/wp-json\/wp\/v2\/pages\/2322\/revisions\/5937"}],"wp:attachment":[{"href":"https:\/\/bicosmetic.ch\/fr\/wp-json\/wp\/v2\/media?parent=2322"}],"curies":[{"name":"wp","href":"https:\/\/api.w.org\/{rel}","templated":true}]}}