{"id":2318,"date":"2017-09-05T16:36:08","date_gmt":"2017-09-05T14:36:08","guid":{"rendered":"https:\/\/www.bicosmetic.ch\/?page_id=2318"},"modified":"2021-02-02T11:29:05","modified_gmt":"2021-02-02T10:29:05","slug":"notre-entreprise","status":"publish","type":"page","link":"https:\/\/bicosmetic.ch\/fr\/notre-entreprise\/","title":{"rendered":"Notre entreprise"},"content":{"rendered":"\n<p><a href=\"https:\/\/www.trybol.ch\/fr\/\" target=\"_blank\" aria-label=\"Trybol S.A. (opens in a new tab)\" rel=\"noreferrer noopener\" class=\"rank-math-link\">Trybol S.A.<\/a> fond\u00e9e en 1900 \u00e0 Neuhausen au chutes du Rhin est une entreprise enti\u00e8rement suisse, ind\u00e9pendante de toute soci\u00e9t\u00e9 suisse ou \u00e9trang\u00e8re, comptant environ 30 employ\u00e9s.<\/p>\n\n\n\n<p>Les produits Trybol sont fabriqu\u00e9s sans test sur animaux, en respectant l\u2019environnement et emball\u00e9s de mani\u00e8re \u00e9cologique.<\/p>\n","protected":false},"excerpt":{"rendered":"<p>Trybol S.A. fond\u00e9e en 1900 \u00e0 Neuhausen au chutes du Rhin est une entreprise enti\u00e8rement suisse, ind\u00e9pendante de toute soci\u00e9t\u00e9 suisse ou \u00e9trang\u00e8re, comptant environ 30 employ\u00e9s. Les produits Trybol sont fabriqu\u00e9s sans test sur animaux, en respectant l\u2019environnement et emball\u00e9s de mani\u00e8re \u00e9cologique.<\/p>\n","protected":false},"author":1,"featured_media":0,"parent":0,"menu_order":0,"comment_status":"closed","ping_status":"closed","template":"","meta":{"footnotes":""},"class_list":["post-2318","page","type-page","status-publish"],"featured_image_urls_v2":{"full":"","thumbnail":"","medium":"","medium_large":"","large":"","1536x1536":"","2048x2048":"","gform-image-choice-sm":"","gform-image-choice-md":"","gform-image-choice-lg":"","woocommerce_thumbnail":"","woocommerce_single":"","woocommerce_gallery_thumbnail":""},"post_excerpt_stackable_v2":"<p>Trybol S.A. fond\u00e9e en 1900 \u00e0 Neuhausen au chutes du Rhin est une entreprise enti\u00e8rement suisse, ind\u00e9pendante de toute soci\u00e9t\u00e9 suisse ou \u00e9trang\u00e8re, comptant environ 30 employ\u00e9s. Les produits Trybol sont fabriqu\u00e9s sans test sur animaux, en respectant l\u2019environnement et emball\u00e9s de mani\u00e8re \u00e9cologique.<\/p>\n","category_list_v2":"","author_info_v2":{"name":"nailedit","url":"https:\/\/bicosmetic.ch\/fr\/author\/nailedit\/"},"comments_num_v2":"0 commentaire","_links":{"self":[{"href":"https:\/\/bicosmetic.ch\/fr\/wp-json\/wp\/v2\/pages\/2318","targetHints":{"allow":["GET"]}}],"collection":[{"href":"https:\/\/bicosmetic.ch\/fr\/wp-json\/wp\/v2\/pages"}],"about":[{"href":"https:\/\/bicosmetic.ch\/fr\/wp-json\/wp\/v2\/types\/page"}],"author":[{"embeddable":true,"href":"https:\/\/bicosmetic.ch\/fr\/wp-json\/wp\/v2\/users\/1"}],"replies":[{"embeddable":true,"href":"https:\/\/bicosmetic.ch\/fr\/wp-json\/wp\/v2\/comments?post=2318"}],"version-history":[{"count":6,"href":"https:\/\/bicosmetic.ch\/fr\/wp-json\/wp\/v2\/pages\/2318\/revisions"}],"predecessor-version":[{"id":5515,"href":"https:\/\/bicosmetic.ch\/fr\/wp-json\/wp\/v2\/pages\/2318\/revisions\/5515"}],"wp:attachment":[{"href":"https:\/\/bicosmetic.ch\/fr\/wp-json\/wp\/v2\/media?parent=2318"}],"curies":[{"name":"wp","href":"https:\/\/api.w.org\/{rel}","templated":true}]}}